{"id":4042,"date":"2022-04-22T08:57:17","date_gmt":"2022-04-22T08:57:17","guid":{"rendered":"https:\/\/ar.appliworks.es\/?page_id=4042"},"modified":"2022-04-24T07:02:22","modified_gmt":"2022-04-24T07:02:22","slug":"realidadaumentada","status":"publish","type":"page","link":"https:\/\/ar.appliworks.es\/index.php\/realidadaumentada\/","title":{"rendered":"RealidadAumentada"},"content":{"rendered":"<style>\/*! elementor - v3.6.4 - 13-04-2022 *\/\n.elementor-heading-title{padding:0;margin:0;line-height:1}.elementor-widget-heading .elementor-heading-title[class*=elementor-size-]>a{color:inherit;font-size:inherit;line-height:inherit}.elementor-widget-heading .elementor-heading-title.elementor-size-small{font-size:15px}.elementor-widget-heading .elementor-heading-title.elementor-size-medium{font-size:19px}.elementor-widget-heading .elementor-heading-title.elementor-size-large{font-size:29px}.elementor-widget-heading .elementor-heading-title.elementor-size-xl{font-size:39px}.elementor-widget-heading .elementor-heading-title.elementor-size-xxl{font-size:59px}<\/style>\n<h1>Realidad Aumentada<br \/>\n para tu negocio<\/h1>\n<style>\/*! elementor - v3.6.4 - 13-04-2022 *\/\n.elementor-widget-divider{--divider-border-style:none;--divider-border-width:1px;--divider-color:#2c2c2c;--divider-icon-size:20px;--divider-element-spacing:10px;--divider-pattern-height:24px;--divider-pattern-size:20px;--divider-pattern-url:none;--divider-pattern-repeat:repeat-x}.elementor-widget-divider .elementor-divider{display:-webkit-box;display:-ms-flexbox;display:flex}.elementor-widget-divider .elementor-divider__text{font-size:15px;line-height:1;max-width:95%}.elementor-widget-divider .elementor-divider__element{margin:0 var(--divider-element-spacing);-ms-flex-negative:0;flex-shrink:0}.elementor-widget-divider .elementor-icon{font-size:var(--divider-icon-size)}.elementor-widget-divider .elementor-divider-separator{display:-webkit-box;display:-ms-flexbox;display:flex;margin:0;direction:ltr}.elementor-widget-divider--view-line_icon .elementor-divider-separator,.elementor-widget-divider--view-line_text .elementor-divider-separator{-webkit-box-align:center;-ms-flex-align:center;align-items:center}.elementor-widget-divider--view-line_icon .elementor-divider-separator:after,.elementor-widget-divider--view-line_icon .elementor-divider-separator:before,.elementor-widget-divider--view-line_text .elementor-divider-separator:after,.elementor-widget-divider--view-line_text .elementor-divider-separator:before{display:block;content:\"\";border-bottom:0;-webkit-box-flex:1;-ms-flex-positive:1;flex-grow:1;border-top:var(--divider-border-width) var(--divider-border-style) var(--divider-color)}.elementor-widget-divider--element-align-left .elementor-divider .elementor-divider-separator>.elementor-divider__svg:first-of-type{-webkit-box-flex:0;-ms-flex-positive:0;flex-grow:0;-ms-flex-negative:100;flex-shrink:100}.elementor-widget-divider--element-align-left .elementor-divider-separator:before{content:none}.elementor-widget-divider--element-align-left .elementor-divider__element{margin-left:0}.elementor-widget-divider--element-align-right .elementor-divider .elementor-divider-separator>.elementor-divider__svg:last-of-type{-webkit-box-flex:0;-ms-flex-positive:0;flex-grow:0;-ms-flex-negative:100;flex-shrink:100}.elementor-widget-divider--element-align-right .elementor-divider-separator:after{content:none}.elementor-widget-divider--element-align-right .elementor-divider__element{margin-right:0}.elementor-widget-divider:not(.elementor-widget-divider--view-line_text):not(.elementor-widget-divider--view-line_icon) .elementor-divider-separator{border-top:var(--divider-border-width) var(--divider-border-style) var(--divider-color)}.elementor-widget-divider--separator-type-pattern{--divider-border-style:none}.elementor-widget-divider--separator-type-pattern.elementor-widget-divider--view-line .elementor-divider-separator,.elementor-widget-divider--separator-type-pattern:not(.elementor-widget-divider--view-line) .elementor-divider-separator:after,.elementor-widget-divider--separator-type-pattern:not(.elementor-widget-divider--view-line) .elementor-divider-separator:before,.elementor-widget-divider--separator-type-pattern:not([class*=elementor-widget-divider--view]) .elementor-divider-separator{width:100%;min-height:var(--divider-pattern-height);-webkit-mask-size:var(--divider-pattern-size) 100%;mask-size:var(--divider-pattern-size) 100%;-webkit-mask-repeat:var(--divider-pattern-repeat);mask-repeat:var(--divider-pattern-repeat);background-color:var(--divider-color);-webkit-mask-image:var(--divider-pattern-url);mask-image:var(--divider-pattern-url)}.elementor-widget-divider--no-spacing{--divider-pattern-size:auto}.elementor-widget-divider--bg-round{--divider-pattern-repeat:round}.rtl .elementor-widget-divider .elementor-divider__text{direction:rtl}<\/style>\n<style>\/*! elementor - v3.6.4 - 13-04-2022 *\/\n.elementor-widget-image{text-align:center}.elementor-widget-image a{display:inline-block}.elementor-widget-image a img[src$=\".svg\"]{width:48px}.elementor-widget-image img{vertical-align:middle;display:inline-block}<\/style>\n<p>\t\t\t\t\t\t\t\t\t\t\t\t<img decoding=\"async\" width=\"1920\" height=\"1080\" src=\"https:\/\/ar.appliworks.es\/wp-content\/uploads\/2022\/04\/Realidad-aumentada-Portada02.png\" alt=\"\" loading=\"lazy\" srcset=\"https:\/\/ar.appliworks.es\/wp-content\/uploads\/2022\/04\/Realidad-aumentada-Portada02.png 1920w, https:\/\/ar.appliworks.es\/wp-content\/uploads\/2022\/04\/Realidad-aumentada-Portada02-1024x576.png 1024w, https:\/\/ar.appliworks.es\/wp-content\/uploads\/2022\/04\/Realidad-aumentada-Portada02-768x432.png 768w, https:\/\/ar.appliworks.es\/wp-content\/uploads\/2022\/04\/Realidad-aumentada-Portada02-1536x864.png 1536w, https:\/\/ar.appliworks.es\/wp-content\/uploads\/2022\/04\/Realidad-aumentada-Portada02-640x360.png 640w, https:\/\/ar.appliworks.es\/wp-content\/uploads\/2022\/04\/Realidad-aumentada-Portada02-400x225.png 400w, https:\/\/ar.appliworks.es\/wp-content\/uploads\/2022\/04\/Realidad-aumentada-Portada02-600x338.png 600w\" sizes=\"auto, (max-width: 1920px) 100vw, 1920px\" \/>\t\t\t\t\t\t\t\t\t\t\t\t\t\t\t<\/p>\n<p>Combinando los elementos virtuales en 3D con el mundo real, la experiencia del usuario se multiplica y obtiene una mejor experiencia del producto.<\/p>\n<p>\t\t\t\t\t\t\t\t\t\t\t\t\t\t\t<img decoding=\"async\" width=\"1920\" height=\"1080\" src=\"https:\/\/ar.appliworks.es\/wp-content\/uploads\/2022\/04\/Realidad-aumentada-Portada01.png\" alt=\"\" loading=\"lazy\" srcset=\"https:\/\/ar.appliworks.es\/wp-content\/uploads\/2022\/04\/Realidad-aumentada-Portada01.png 1920w, https:\/\/ar.appliworks.es\/wp-content\/uploads\/2022\/04\/Realidad-aumentada-Portada01-1024x576.png 1024w, https:\/\/ar.appliworks.es\/wp-content\/uploads\/2022\/04\/Realidad-aumentada-Portada01-768x432.png 768w, https:\/\/ar.appliworks.es\/wp-content\/uploads\/2022\/04\/Realidad-aumentada-Portada01-1536x864.png 1536w, https:\/\/ar.appliworks.es\/wp-content\/uploads\/2022\/04\/Realidad-aumentada-Portada01-640x360.png 640w, https:\/\/ar.appliworks.es\/wp-content\/uploads\/2022\/04\/Realidad-aumentada-Portada01-400x225.png 400w, https:\/\/ar.appliworks.es\/wp-content\/uploads\/2022\/04\/Realidad-aumentada-Portada01-600x338.png 600w\" sizes=\"auto, (max-width: 1920px) 100vw, 1920px\" \/>\t\t\t\t\t\t\t\t\t\t\t\t\t\t\t<\/p>\n<p>La realidad aumentada se puede usar para formaci\u00f3n y mejorar el aprendizaje de los operarios<\/p>\n<link rel=\"stylesheet\" href=\"https:\/\/ar.appliworks.es\/wp-content\/uploads\/elementor\/css\/custom-widget-icon-box.min.css?ver=1650567862\">\n<h1>\n\t\t\t\t\t\tDise\u00f1o<br \/>\n\t\t\t\t<\/h1>\n<p>\n\t\t\t\t\t\tOferecemos el servicio de Dise\u00f1o  3D para tus productos\t\t\t\t\t<\/p>\n<h1>\n\t\t\t\t\t\tMarketing<br \/>\n\t\t\t\t<\/h1>\n<p>\n\t\t\t\t\t\tIncrementa tus ventas gracias a la Realidad Aumentada\t\t\t\t\t<\/p>\n<style>.elementor-slides .swiper-slide-bg{background-size:cover;background-position:50%;background-repeat:no-repeat;min-width:100%;min-height:100%}.elementor-slides .swiper-slide-inner{background-repeat:no-repeat;background-position:50%;position:absolute;top:0;left:0;bottom:0;right:0;padding:50px;margin:auto}.elementor-slides .swiper-slide-inner,.elementor-slides .swiper-slide-inner:hover{color:#fff;display:-webkit-box;display:-ms-flexbox;display:flex}.elementor-slides .swiper-slide-inner .elementor-background-overlay{position:absolute;z-index:0;top:0;bottom:0;left:0;right:0}.elementor-slides .swiper-slide-inner .elementor-slide-content{position:relative;z-index:1;width:100%}.elementor-slides .swiper-slide-inner .elementor-slide-heading{font-size:35px;font-weight:700;line-height:1}.elementor-slides .swiper-slide-inner .elementor-slide-description{font-size:17px;line-height:1.4}.elementor-slides .swiper-slide-inner .elementor-slide-description:not(:last-child),.elementor-slides .swiper-slide-inner .elementor-slide-heading:not(:last-child){margin-bottom:30px}.elementor-slides .swiper-slide-inner .elementor-slide-button{border:2px solid #fff;color:#fff;background:transparent;display:inline-block}.elementor-slides .swiper-slide-inner .elementor-slide-button,.elementor-slides .swiper-slide-inner .elementor-slide-button:hover{background:transparent;color:inherit;text-decoration:none}.elementor--v-position-top .swiper-slide-inner{-webkit-box-align:start;-ms-flex-align:start;align-items:flex-start}.elementor--v-position-bottom .swiper-slide-inner{-webkit-box-align:end;-ms-flex-align:end;align-items:flex-end}.elementor--v-position-middle .swiper-slide-inner{-webkit-box-align:center;-ms-flex-align:center;align-items:center}.elementor--h-position-left .swiper-slide-inner{-webkit-box-pack:start;-ms-flex-pack:start;justify-content:flex-start}.elementor--h-position-right .swiper-slide-inner{-webkit-box-pack:end;-ms-flex-pack:end;justify-content:flex-end}.elementor--h-position-center .swiper-slide-inner{-webkit-box-pack:center;-ms-flex-pack:center;justify-content:center}body.rtl .elementor-widget-slides .elementor-swiper-button-next{left:10px;right:auto}body.rtl .elementor-widget-slides .elementor-swiper-button-prev{right:10px;left:auto}.elementor-slides-wrapper div:not(.swiper-slide)>.swiper-slide-inner{display:none}@media (max-width:767px){.elementor-slides .swiper-slide-inner{padding:30px}.elementor-slides .swiper-slide-inner .elementor-slide-heading{font-size:23px;line-height:1;margin-bottom:15px}.elementor-slides .swiper-slide-inner .elementor-slide-description{font-size:13px;line-height:1.4;margin-bottom:15px}}<\/style>\n<p>\t\t\t\t\t\t\t\t\t\t<a href=\"https:\/\/ar.appliworks.es\/ar-118\/0\/a\/a2\/133916528\/a26093369deae906211f5bb0f8ddf629.html\" target=\"_blank\" rel=\"noopener\">Pulsa para ver AR<\/a><a href=\"https:\/\/ar.appliworks.es\/ar-118\/3550943703\/4ixlw0ae6rzahxkivwjddwhh.html\" target=\"_blank\" rel=\"noopener\">Pulsa para ver AR<\/a><a href=\"https:\/\/ar.appliworks.es\/ar-118\/4\/e\/85\/2806856479\/85ea744d143f18558a0c3165e64ae582.html\" target=\"_blank\" rel=\"noopener\">Pulsa para ver AR<\/a><br \/>\n\t\t\t\t\t\t\t\t\t\t\t\t\t\tAnterior<br \/>\n\t\t\t\t\t\t\t\t\t\t\t\t\t\tSiguiente<\/p>\n<h1>\n\t\t\t\t\t\ttecnolog\u00eda<br \/>\n\t\t\t\t<\/h1>\n<p>\n\t\t\t\t\t\tLa realidad aumentada te permite usar elementos virtuales 3D sobre im\u00e1genes reales\t\t\t\t\t<\/p>\n<h1>\n\t\t\t\t\t\tSoporte<br \/>\n\t\t\t\t<\/h1>\n<p>\n\t\t\t\t\t\tTe ayudamos a llevar tu empresa al siguiente nivel.\t\t\t\t\t<\/p>\n<h1>Visualiza tus modelos en Realidad aumentada desde el navegador web, sin necesidad de aplicaci\u00f3n  <\/h1>\n<p>\t\t\tCompatible con IOS, ANDROID Y PC<br \/>\n\t\t\t<a href=\"https:\/\/ar.appliworks.es\/userguide\/es\/Diptico_Catalogo_AR.pdf\" target=\"_blank\" rel=\"noopener\">DIPTICO CAT\u00c1LOGOS AR<\/a><br \/>\n\t\t\t\t\t\t\t\t\t\t\t\t\t\t\t<img decoding=\"async\" width=\"200\" height=\"300\" src=\"https:\/\/ar.appliworks.es\/wp-content\/uploads\/2022\/04\/Realidad-aumentada-banera-200x300.png\" alt=\"\" loading=\"lazy\" \/><br \/>\n\t\t\t<a href=\"https:\/\/ar.appliworks.es\/ar-118\/3732978726\/ga89v2353ltmkioxzmxcmahh.html\" target=\"_blank\" rel=\"noopener\">ver realidad aumentada<\/a><br \/>\n\t\t\t\t\t\t\t\t\t\t\t\t\t\t\t<img decoding=\"async\" width=\"200\" height=\"300\" src=\"https:\/\/ar.appliworks.es\/wp-content\/uploads\/2022\/04\/Realidad-aumentada-Robot-200x300.png\" alt=\"\" loading=\"lazy\" \/><br \/>\n\t\t\t<a href=\"https:\/\/ar.appliworks.es\/ar-118\/5\/a\/25\/429010310\/25623797a34759fd650110c1c3c9f054.html\" target=\"_blank\" rel=\"noopener\">ver realidad aumentada<\/a><br \/>\n\t\t\t\t\t\t\t\t\t\t\t\t\t\t\t<img decoding=\"async\" width=\"200\" height=\"300\" src=\"https:\/\/ar.appliworks.es\/wp-content\/uploads\/2022\/04\/Realidad-aumentada-mesa-terraza-200x300.png\" alt=\"\" loading=\"lazy\" \/><br \/>\n\t\t\t<a href=\"https:\/\/ar.appliworks.es\/ar-118\/2178836923\/d8dwkrqrix2t16rqkfefrqhh.html\" target=\"_blank\" rel=\"noopener\">ver realidad aumentada<\/a><br \/>\n\t\t\t\t\t\t\t\t\t\t\t\t\t\t\t<img decoding=\"async\" width=\"200\" height=\"300\" src=\"https:\/\/ar.appliworks.es\/wp-content\/uploads\/2022\/04\/Realidad-aumentada-maquina-sal-200x300.png\" alt=\"\" loading=\"lazy\" \/><br \/>\n\t\t\t<a href=\"https:\/\/ar.appliworks.es\/ar-118\/1712404176\/ypmjg2ua0h2fy1xgm5jw9qhh.html\" target=\"_blank\" rel=\"noopener\">ver realidad aumentada<\/a><br \/>\n\t\t\t\t\t\t\t\t\t\t\t\t\t\t\t<img decoding=\"async\" width=\"200\" height=\"300\" src=\"https:\/\/ar.appliworks.es\/wp-content\/uploads\/2022\/04\/Realidad-aumentada-sofa-blanco-200x300.png\" alt=\"\" loading=\"lazy\" \/><br \/>\n\t\t\t<a href=\"https:\/\/ar.appliworks.es\/ar-118\/2\/c\/12\/616062208\/12cd22d131381462ff35cb173301e5f1.html\" target=\"_blank\" rel=\"noopener\">ver realidad aumentada<\/a><br \/>\n\t\t\t\t\t\t\t\t\t\t\t\t\t\t\t<img decoding=\"async\" width=\"200\" height=\"300\" src=\"https:\/\/ar.appliworks.es\/wp-content\/uploads\/2022\/04\/Realidad-aumentada-cama-200x300.png\" alt=\"\" loading=\"lazy\" \/><br \/>\n\t\t\t<a href=\"https:\/\/ar.appliworks.es\/ar-118\/3\/c\/cc\/3618575358\/ccea96147fb65a3ef637765c13852c66.html\" target=\"_blank\" rel=\"noopener\">ver realidad aumentada<\/a><br \/>\n\t\t\t\t\t\t\t\t\t\t\t\t\t\t\t<img decoding=\"async\" width=\"200\" height=\"300\" src=\"https:\/\/ar.appliworks.es\/wp-content\/uploads\/2022\/04\/Realidad-aumentada-silla-escritorio-200x300.png\" alt=\"\" loading=\"lazy\" \/><br \/>\n\t\t\t<a href=\"https:\/\/ar.appliworks.es\/ar-118\/3\/c\/ce\/2458552778\/ce4da68fb8378ab8a2e8cf1d47cab3ec.html\" target=\"_blank\" rel=\"noopener\">ver realidad aumentada<\/a><br \/>\n\t\t\t\t\t\t\t\t\t\t\t\t\t\t\t<img decoding=\"async\" width=\"200\" height=\"300\" src=\"https:\/\/ar.appliworks.es\/wp-content\/uploads\/2022\/04\/Realidad-aumentada-silla-04-200x300.png\" alt=\"\" loading=\"lazy\" \/><br \/>\n\t\t\t<a href=\"https:\/\/ar.appliworks.es\/ar-118\/1\/e\/38\/1982642785\/38eda8b9b13de9391adfce67a6c1de70.html\" target=\"_blank\" rel=\"noopener\">ver realidad aumentada<\/a><br \/>\n\t\t\t\t\t\t\t\t\t\t\t\t\t\t\t<img decoding=\"async\" width=\"200\" height=\"300\" src=\"https:\/\/ar.appliworks.es\/wp-content\/uploads\/2022\/04\/Realidad-aumentada-microondas-200x300.png\" alt=\"\" loading=\"lazy\" \/><br \/>\n\t\t\t<a href=\"https:\/\/ar.appliworks.es\/ar-118\/441447744\/x20wuhftvw6dnou1bsc7jwhh.html\" target=\"_blank\" rel=\"noopener\">ver realidad aumentada<\/a><br \/>\n\t\t\t\t\t\t\t\t\t\t\t\t\t\t\t<img decoding=\"async\" width=\"200\" height=\"300\" src=\"https:\/\/ar.appliworks.es\/wp-content\/uploads\/2022\/04\/Realidad-aumentada-mesa-centro-200x300.png\" alt=\"\" loading=\"lazy\" \/><br \/>\n\t\t\t<a href=\"https:\/\/ar.appliworks.es\/ar-118\/183080612\/tlimdvwjbrtz4pgqqxgypahh.html\" target=\"_blank\" rel=\"noopener\">ver realidad aumentada<\/a><br \/>\n\t\t\t\t\t\t\t\t\t\t\t\t\t\t\t<img decoding=\"async\" width=\"200\" height=\"300\" src=\"https:\/\/ar.appliworks.es\/wp-content\/uploads\/2022\/04\/Realidad-aumentada-sofa-rojo-200x300.png\" alt=\"\" loading=\"lazy\" \/><br \/>\n\t\t\t<a href=\"https:\/\/ar.appliworks.es\/ar-118\/5\/e\/67\/3214826973\/674e00acaf9cd07fb0dad7890b085ebb.html\" target=\"_blank\" rel=\"noopener\">ver realidad aumentada<\/a><br \/>\n\t\t\t\t\t\t\t\t\t\t\t\t\t\t\t<img decoding=\"async\" width=\"200\" height=\"300\" src=\"https:\/\/ar.appliworks.es\/wp-content\/uploads\/2022\/04\/Realidad-aumentada-silla-roja-200x300.png\" alt=\"\" loading=\"lazy\" \/><br \/>\n\t\t\t<a href=\"https:\/\/ar.appliworks.es\/ar-118\/5\/d\/d4\/3984012941\/d43d3c3a535392842b6a15205719d5e7.html\" target=\"_blank\" rel=\"noopener\">ver realidad aumentada<\/a><br \/>\n\t\t\t\t\t\t\t\t\t\t\t\t\t\t\t<img decoding=\"async\" width=\"200\" height=\"300\" src=\"https:\/\/ar.appliworks.es\/wp-content\/uploads\/2022\/04\/Realidad-aumentada-rack-200x300.png\" alt=\"\" loading=\"lazy\" \/><br \/>\n\t\t\t<a href=\"https:\/\/ar.appliworks.es\/ar-118\/4264842165\/ltywrfb4gzdsn3dh8hh0ighh.html\" target=\"_blank\" rel=\"noopener\">ver realidad aumentada<\/a><br \/>\n\t\t\t\t\t\t\t\t\t\t\t\t\t\t\t<img decoding=\"async\" width=\"200\" height=\"300\" src=\"https:\/\/ar.appliworks.es\/wp-content\/uploads\/2022\/04\/Realidad-aumentada-tolva-200x300.png\" alt=\"\" loading=\"lazy\" \/><br \/>\n\t\t\t<a href=\"https:\/\/ar.appliworks.es\/ar-118\/62508857\/inbk4rxpiyadbkbildamzghh.html\" target=\"_blank\" rel=\"noopener\">ver realidad aumentada<\/a><br \/>\n\t\t\t\t\t\t\t\t\t\t\t\t\t\t\t<img decoding=\"async\" width=\"200\" height=\"300\" src=\"https:\/\/ar.appliworks.es\/wp-content\/uploads\/2022\/04\/Realidad-aumentada-Sugar-Plataform-200x300.png\" alt=\"\" loading=\"lazy\" \/><br \/>\n\t\t\t<a href=\"https:\/\/ar.appliworks.es\/ar-118\/6\/d\/78\/1519790213\/78970dbb2f593a659a9c4baaea1c6e67.html\" target=\"_blank\" rel=\"noopener\">ver realidad aumentada<\/a><br \/>\n\t\t\t\t\t\t\t\t\t\t\t\t\t\t\t<img decoding=\"async\" width=\"200\" height=\"300\" src=\"https:\/\/ar.appliworks.es\/wp-content\/uploads\/2022\/04\/Realidad-Aumentada-Silo-200x300.png\" alt=\"\" loading=\"lazy\" \/><br \/>\n\t\t\t<a href=\"https:\/\/ar.appliworks.es\/ar-118\/9\/d\/5d\/65321953\/5d6023c3b19c9afe56d90302d354b9d2.html\" target=\"_blank\" rel=\"noopener\">ver realidad aumentada<\/a><br \/>\n\t\t\t\t\t\t\t\t\t\t\t\t\t\t\t<img decoding=\"async\" width=\"200\" height=\"300\" src=\"https:\/\/ar.appliworks.es\/wp-content\/uploads\/2022\/04\/Realidad-aumentada-Plataforma-200x300.png\" alt=\"\" loading=\"lazy\" \/><br \/>\n\t\t\t<a href=\"https:\/\/ar.appliworks.es\/ar-118\/9\/b\/0b\/2494770365\/0beaf039689da2ffd8eb1aa60fbf4be9.html\" target=\"_blank\" rel=\"noopener\">ver realidad aumentada<\/a><br \/>\n\t\t\t\t\t\t\t\t\t\t\t\t\t\t\t<img decoding=\"async\" width=\"200\" height=\"300\" src=\"https:\/\/ar.appliworks.es\/wp-content\/uploads\/2022\/04\/Realidad-aumentada-Estructura-Silo-200x300.png\" alt=\"\" loading=\"lazy\" \/><br \/>\n\t\t\t<a href=\"https:\/\/ar.appliworks.es\/ar-118\/5\/d\/66\/2003150235\/66db922f6e02ca03da7838ef9ef70fd4.html\" target=\"_blank\" rel=\"noopener\">ver realidad aumentada<\/a><br \/>\n\t\t\t\t\t\t\t\t\t\t\t\t\t\t\t<img decoding=\"async\" width=\"200\" height=\"300\" src=\"https:\/\/ar.appliworks.es\/wp-content\/uploads\/2022\/04\/Realidad-aumentada-transportador-200x300.png\" alt=\"\" loading=\"lazy\" \/><br \/>\n\t\t\t<a href=\"https:\/\/ar.appliworks.es\/ar-118\/3550943703\/4ixlw0ae6rzahxkivwjddwhh.html\" target=\"_blank\" rel=\"noopener\">ver realidad aumentada<\/a><br \/>\n\t\t\t\t\t\t\t\t\t\t\t\t\t\t\t<img decoding=\"async\" width=\"200\" height=\"300\" src=\"https:\/\/ar.appliworks.es\/wp-content\/uploads\/2022\/04\/Realidad-aumentada-acumulador-200x300.png\" alt=\"\" loading=\"lazy\" \/><br \/>\n\t\t\t<a href=\"https:\/\/ar.appliworks.es\/ar-118\/5\/d\/d7\/390728889\/d743eb66eb374d226d768afb5de0178b.html\" target=\"_blank\" rel=\"noopener\">ver realidad aumentada<\/a><br \/>\n\t\t\t\t\t\t\t\t\t\t\t\t\t\t\t<img decoding=\"async\" width=\"200\" height=\"300\" src=\"https:\/\/ar.appliworks.es\/wp-content\/uploads\/2022\/04\/Realidad-aumentada-toallero-1-200x300.png\" alt=\"\" loading=\"lazy\" \/><br \/>\n\t\t\t<a href=\"https:\/\/ar.appliworks.es\/ar-118\/4\/a\/a3\/3331616102\/a311a28c0ba35c29607712d28ab09dd4.html\" target=\"_blank\" rel=\"noopener\">ver realidad aumentada<\/a><br \/>\n\t\t\t\t\t\t\t\t\t\t\t\t\t\t\t<img decoding=\"async\" width=\"200\" height=\"300\" src=\"https:\/\/ar.appliworks.es\/wp-content\/uploads\/2022\/04\/Realidad-aumentada-toallero-2-200x300.png\" alt=\"\" loading=\"lazy\" \/><br \/>\n\t\t\t<a href=\"https:\/\/ar.appliworks.es\/ar-118\/4\/e\/85\/2806856479\/85ea744d143f18558a0c3165e64ae582.html\" target=\"_blank\" rel=\"noopener\">ver realidad aumentada<\/a><br \/>\n\t\t\t\t\t\t\t\t\t\t\t\t\t\t\t<img decoding=\"async\" width=\"200\" height=\"300\" src=\"https:\/\/ar.appliworks.es\/wp-content\/uploads\/2022\/04\/Realidad-aumentada-escena-bano-200x300.png\" alt=\"\" loading=\"lazy\" \/><br \/>\n\t\t\t<a href=\"https:\/\/ar.appliworks.es\/ar-118\/2954635607\/cobviqjkytvthrgkvubvhghh.html\" target=\"_blank\" rel=\"noopener\">ver realidad aumentada<\/a><br \/>\n\t\t\t\t\t\t\t\t\t\t\t\t\t\t\t<img decoding=\"async\" width=\"200\" height=\"300\" src=\"https:\/\/ar.appliworks.es\/wp-content\/uploads\/2022\/04\/Realidad-aumentada-botella-03-200x300.png\" alt=\"\" loading=\"lazy\" \/><br \/>\n\t\t\t<a href=\"https:\/\/ar.appliworks.es\/ar-118\/1357709397\/ypemshne4asublfuudrenqhh.html\" target=\"_blank\" rel=\"noopener\">ver realidad aumentada<\/a><\/p>\n","protected":false},"excerpt":{"rendered":"<p>Realidad Aumentada para tu negocio Combinando los elementos virtuales en 3D con el mundo real, la experiencia del usuario se multiplica y obtiene una mejor experiencia del producto. La realidad aumentada se puede usar para formaci\u00f3n y mejorar el aprendizaje de los operarios Dise\u00f1o Oferecemos el servicio de Dise\u00f1o 3D para tus productos Marketing Incrementa [&hellip;]<\/p>\n","protected":false},"author":1,"featured_media":0,"parent":0,"menu_order":0,"comment_status":"closed","ping_status":"closed","template":"","meta":{"_joinchat":[],"footnotes":""},"class_list":["post-4042","page","type-page","status-publish","hentry"],"jetpack_sharing_enabled":true,"_links":{"self":[{"href":"https:\/\/ar.appliworks.es\/index.php\/wp-json\/wp\/v2\/pages\/4042","targetHints":{"allow":["GET"]}}],"collection":[{"href":"https:\/\/ar.appliworks.es\/index.php\/wp-json\/wp\/v2\/pages"}],"about":[{"href":"https:\/\/ar.appliworks.es\/index.php\/wp-json\/wp\/v2\/types\/page"}],"author":[{"embeddable":true,"href":"https:\/\/ar.appliworks.es\/index.php\/wp-json\/wp\/v2\/users\/1"}],"replies":[{"embeddable":true,"href":"https:\/\/ar.appliworks.es\/index.php\/wp-json\/wp\/v2\/comments?post=4042"}],"version-history":[{"count":46,"href":"https:\/\/ar.appliworks.es\/index.php\/wp-json\/wp\/v2\/pages\/4042\/revisions"}],"predecessor-version":[{"id":4240,"href":"https:\/\/ar.appliworks.es\/index.php\/wp-json\/wp\/v2\/pages\/4042\/revisions\/4240"}],"wp:attachment":[{"href":"https:\/\/ar.appliworks.es\/index.php\/wp-json\/wp\/v2\/media?parent=4042"}],"curies":[{"name":"wp","href":"https:\/\/api.w.org\/{rel}","templated":true}]}}