{"id":8,"date":"2017-04-04T11:22:42","date_gmt":"2017-04-04T11:22:42","guid":{"rendered":"http:\/\/sw-themes.com\/porto_dummy\/?page_id=8"},"modified":"2022-05-29T06:39:11","modified_gmt":"2022-05-29T06:39:11","slug":"home","status":"publish","type":"page","link":"https:\/\/ar.appliworks.es\/","title":{"rendered":"Home"},"content":{"rendered":"<style>\/*! elementor - v3.6.5 - 27-04-2022 *\/\n.elementor-heading-title{padding:0;margin:0;line-height:1}.elementor-widget-heading .elementor-heading-title[class*=elementor-size-]>a{color:inherit;font-size:inherit;line-height:inherit}.elementor-widget-heading .elementor-heading-title.elementor-size-small{font-size:15px}.elementor-widget-heading .elementor-heading-title.elementor-size-medium{font-size:19px}.elementor-widget-heading .elementor-heading-title.elementor-size-large{font-size:29px}.elementor-widget-heading .elementor-heading-title.elementor-size-xl{font-size:39px}.elementor-widget-heading .elementor-heading-title.elementor-size-xxl{font-size:59px}<\/style>\n<h1>Realidad Aumentada<br \/>\n para tu negocio<\/h1>\n<style>\/*! elementor - v3.6.5 - 27-04-2022 *\/\n.elementor-widget-divider{--divider-border-style:none;--divider-border-width:1px;--divider-color:#2c2c2c;--divider-icon-size:20px;--divider-element-spacing:10px;--divider-pattern-height:24px;--divider-pattern-size:20px;--divider-pattern-url:none;--divider-pattern-repeat:repeat-x}.elementor-widget-divider .elementor-divider{display:-webkit-box;display:-ms-flexbox;display:flex}.elementor-widget-divider .elementor-divider__text{font-size:15px;line-height:1;max-width:95%}.elementor-widget-divider .elementor-divider__element{margin:0 var(--divider-element-spacing);-ms-flex-negative:0;flex-shrink:0}.elementor-widget-divider .elementor-icon{font-size:var(--divider-icon-size)}.elementor-widget-divider .elementor-divider-separator{display:-webkit-box;display:-ms-flexbox;display:flex;margin:0;direction:ltr}.elementor-widget-divider--view-line_icon .elementor-divider-separator,.elementor-widget-divider--view-line_text .elementor-divider-separator{-webkit-box-align:center;-ms-flex-align:center;align-items:center}.elementor-widget-divider--view-line_icon .elementor-divider-separator:after,.elementor-widget-divider--view-line_icon .elementor-divider-separator:before,.elementor-widget-divider--view-line_text .elementor-divider-separator:after,.elementor-widget-divider--view-line_text .elementor-divider-separator:before{display:block;content:\"\";border-bottom:0;-webkit-box-flex:1;-ms-flex-positive:1;flex-grow:1;border-top:var(--divider-border-width) var(--divider-border-style) var(--divider-color)}.elementor-widget-divider--element-align-left .elementor-divider .elementor-divider-separator>.elementor-divider__svg:first-of-type{-webkit-box-flex:0;-ms-flex-positive:0;flex-grow:0;-ms-flex-negative:100;flex-shrink:100}.elementor-widget-divider--element-align-left .elementor-divider-separator:before{content:none}.elementor-widget-divider--element-align-left .elementor-divider__element{margin-left:0}.elementor-widget-divider--element-align-right .elementor-divider .elementor-divider-separator>.elementor-divider__svg:last-of-type{-webkit-box-flex:0;-ms-flex-positive:0;flex-grow:0;-ms-flex-negative:100;flex-shrink:100}.elementor-widget-divider--element-align-right .elementor-divider-separator:after{content:none}.elementor-widget-divider--element-align-right .elementor-divider__element{margin-right:0}.elementor-widget-divider:not(.elementor-widget-divider--view-line_text):not(.elementor-widget-divider--view-line_icon) .elementor-divider-separator{border-top:var(--divider-border-width) var(--divider-border-style) var(--divider-color)}.elementor-widget-divider--separator-type-pattern{--divider-border-style:none}.elementor-widget-divider--separator-type-pattern.elementor-widget-divider--view-line .elementor-divider-separator,.elementor-widget-divider--separator-type-pattern:not(.elementor-widget-divider--view-line) .elementor-divider-separator:after,.elementor-widget-divider--separator-type-pattern:not(.elementor-widget-divider--view-line) .elementor-divider-separator:before,.elementor-widget-divider--separator-type-pattern:not([class*=elementor-widget-divider--view]) .elementor-divider-separator{width:100%;min-height:var(--divider-pattern-height);-webkit-mask-size:var(--divider-pattern-size) 100%;mask-size:var(--divider-pattern-size) 100%;-webkit-mask-repeat:var(--divider-pattern-repeat);mask-repeat:var(--divider-pattern-repeat);background-color:var(--divider-color);-webkit-mask-image:var(--divider-pattern-url);mask-image:var(--divider-pattern-url)}.elementor-widget-divider--no-spacing{--divider-pattern-size:auto}.elementor-widget-divider--bg-round{--divider-pattern-repeat:round}.rtl .elementor-widget-divider .elementor-divider__text{direction:rtl}<\/style>\n<style>\/*! elementor - v3.6.5 - 27-04-2022 *\/\n.elementor-widget-image{text-align:center}.elementor-widget-image a{display:inline-block}.elementor-widget-image a img[src$=\".svg\"]{width:48px}.elementor-widget-image img{vertical-align:middle;display:inline-block}<\/style>\n<p>\t\t\t\t\t\t\t\t\t\t\t\t<img decoding=\"async\" width=\"1920\" height=\"1080\" src=\"https:\/\/ar.appliworks.es\/wp-content\/uploads\/2022\/04\/Realidad-aumentada-Portada02.png\" alt=\"\" loading=\"lazy\" srcset=\"https:\/\/ar.appliworks.es\/wp-content\/uploads\/2022\/04\/Realidad-aumentada-Portada02.png 1920w, https:\/\/ar.appliworks.es\/wp-content\/uploads\/2022\/04\/Realidad-aumentada-Portada02-1024x576.png 1024w, https:\/\/ar.appliworks.es\/wp-content\/uploads\/2022\/04\/Realidad-aumentada-Portada02-768x432.png 768w, https:\/\/ar.appliworks.es\/wp-content\/uploads\/2022\/04\/Realidad-aumentada-Portada02-1536x864.png 1536w, https:\/\/ar.appliworks.es\/wp-content\/uploads\/2022\/04\/Realidad-aumentada-Portada02-640x360.png 640w, https:\/\/ar.appliworks.es\/wp-content\/uploads\/2022\/04\/Realidad-aumentada-Portada02-400x225.png 400w, https:\/\/ar.appliworks.es\/wp-content\/uploads\/2022\/04\/Realidad-aumentada-Portada02-600x338.png 600w\" sizes=\"auto, (max-width: 1920px) 100vw, 1920px\" \/>\t\t\t\t\t\t\t\t\t\t\t\t\t\t\t<\/p>\n<p>La Realidad Aumentada combina los elementos virtuales en 3D con el mundo real, la experiencia del usuario se multiplica y obtiene una mejor experiencia del producto.<\/p>\n<p>\t\t\t\t\t\t\t\t\t\t\t\t\t\t\t<img decoding=\"async\" width=\"1920\" height=\"1080\" src=\"https:\/\/ar.appliworks.es\/wp-content\/uploads\/2022\/04\/Realidad-aumentada-Portada01.png\" alt=\"\" loading=\"lazy\" srcset=\"https:\/\/ar.appliworks.es\/wp-content\/uploads\/2022\/04\/Realidad-aumentada-Portada01.png 1920w, https:\/\/ar.appliworks.es\/wp-content\/uploads\/2022\/04\/Realidad-aumentada-Portada01-1024x576.png 1024w, https:\/\/ar.appliworks.es\/wp-content\/uploads\/2022\/04\/Realidad-aumentada-Portada01-768x432.png 768w, https:\/\/ar.appliworks.es\/wp-content\/uploads\/2022\/04\/Realidad-aumentada-Portada01-1536x864.png 1536w, https:\/\/ar.appliworks.es\/wp-content\/uploads\/2022\/04\/Realidad-aumentada-Portada01-640x360.png 640w, https:\/\/ar.appliworks.es\/wp-content\/uploads\/2022\/04\/Realidad-aumentada-Portada01-400x225.png 400w, https:\/\/ar.appliworks.es\/wp-content\/uploads\/2022\/04\/Realidad-aumentada-Portada01-600x338.png 600w\" sizes=\"auto, (max-width: 1920px) 100vw, 1920px\" \/>\t\t\t\t\t\t\t\t\t\t\t\t\t\t\t<\/p>\n<p>La realidad aumentada se puede usar para formaci\u00f3n y mejorar el aprendizaje de los operarios. Asociamos los planos de fabricaci\u00f3n al modelo 3D en realidad aumentada.<\/p>\n<link rel=\"stylesheet\" href=\"https:\/\/ar.appliworks.es\/wp-content\/uploads\/elementor\/css\/custom-widget-icon-box.min.css?ver=1653209011\">\n<h1>\n\t\t\t\t\t\tDise\u00f1o<br \/>\n\t\t\t\t<\/h1>\n<p>\n\t\t\t\t\t\tOferecemos el servicio de Dise\u00f1o  3D para tus productos\t\t\t\t\t<\/p>\n<h1>\n\t\t\t\t\t\tMarketing<br \/>\n\t\t\t\t<\/h1>\n<p>\n\t\t\t\t\t\tIncrementa tus ventas gracias a la Realidad Aumentada\t\t\t\t\t<\/p>\n<style>.elementor-slides .swiper-slide-bg{background-size:cover;background-position:50%;background-repeat:no-repeat;min-width:100%;min-height:100%}.elementor-slides .swiper-slide-inner{background-repeat:no-repeat;background-position:50%;position:absolute;top:0;left:0;bottom:0;right:0;padding:50px;margin:auto}.elementor-slides .swiper-slide-inner,.elementor-slides .swiper-slide-inner:hover{color:#fff;display:-webkit-box;display:-ms-flexbox;display:flex}.elementor-slides .swiper-slide-inner .elementor-background-overlay{position:absolute;z-index:0;top:0;bottom:0;left:0;right:0}.elementor-slides .swiper-slide-inner .elementor-slide-content{position:relative;z-index:1;width:100%}.elementor-slides .swiper-slide-inner .elementor-slide-heading{font-size:35px;font-weight:700;line-height:1}.elementor-slides .swiper-slide-inner .elementor-slide-description{font-size:17px;line-height:1.4}.elementor-slides .swiper-slide-inner .elementor-slide-description:not(:last-child),.elementor-slides .swiper-slide-inner .elementor-slide-heading:not(:last-child){margin-bottom:30px}.elementor-slides .swiper-slide-inner .elementor-slide-button{border:2px solid #fff;color:#fff;background:transparent;display:inline-block}.elementor-slides .swiper-slide-inner .elementor-slide-button,.elementor-slides .swiper-slide-inner .elementor-slide-button:hover{background:transparent;color:inherit;text-decoration:none}.elementor--v-position-top .swiper-slide-inner{-webkit-box-align:start;-ms-flex-align:start;align-items:flex-start}.elementor--v-position-bottom .swiper-slide-inner{-webkit-box-align:end;-ms-flex-align:end;align-items:flex-end}.elementor--v-position-middle .swiper-slide-inner{-webkit-box-align:center;-ms-flex-align:center;align-items:center}.elementor--h-position-left .swiper-slide-inner{-webkit-box-pack:start;-ms-flex-pack:start;justify-content:flex-start}.elementor--h-position-right .swiper-slide-inner{-webkit-box-pack:end;-ms-flex-pack:end;justify-content:flex-end}.elementor--h-position-center .swiper-slide-inner{-webkit-box-pack:center;-ms-flex-pack:center;justify-content:center}body.rtl .elementor-widget-slides .elementor-swiper-button-next{left:10px;right:auto}body.rtl .elementor-widget-slides .elementor-swiper-button-prev{right:10px;left:auto}.elementor-slides-wrapper div:not(.swiper-slide)>.swiper-slide-inner{display:none}@media (max-width:767px){.elementor-slides .swiper-slide-inner{padding:30px}.elementor-slides .swiper-slide-inner .elementor-slide-heading{font-size:23px;line-height:1;margin-bottom:15px}.elementor-slides .swiper-slide-inner .elementor-slide-description{font-size:13px;line-height:1.4;margin-bottom:15px}}<\/style>\n<p>\t\t\t\t\t\t\t\t\t\t<a href=\"https:\/\/ar.appliworks.es\/ar-118\/0\/a\/a2\/133916528\/a26093369deae906211f5bb0f8ddf629.html\" target=\"_blank\" rel=\"noopener\">Pulsa para ver AR<\/a><a href=\"https:\/\/ar.appliworks.es\/ar-118\/3550943703\/4ixlw0ae6rzahxkivwjddwhh.html\" target=\"_blank\" rel=\"noopener\">Pulsa para ver AR<\/a><a href=\"https:\/\/ar.appliworks.es\/ar-118\/4\/e\/85\/2806856479\/85ea744d143f18558a0c3165e64ae582.html\" target=\"_blank\" rel=\"noopener\">Pulsa para ver AR<\/a><br \/>\n\t\t\t\t\t\t\t\t\t\t\t\t\t\tAnterior<br \/>\n\t\t\t\t\t\t\t\t\t\t\t\t\t\tSiguiente<\/p>\n<h1>\n\t\t\t\t\t\ttecnolog\u00eda<br \/>\n\t\t\t\t<\/h1>\n<p>\n\t\t\t\t\t\tLa realidad aumentada te permite usar elementos virtuales 3D sobre im\u00e1genes reales\t\t\t\t\t<\/p>\n<h1>\n\t\t\t\t\t\tSoporte<br \/>\n\t\t\t\t<\/h1>\n<p>\n\t\t\t\t\t\tTe ayudamos a llevar tu empresa al siguiente nivel.\t\t\t\t\t<\/p>\n<h1>Somos especialistas en Realidad Aumentada para Cat\u00e1logos, Woocomerce y SolidWorks<\/h1>\n<h1>Configurador de Producto Web<\/h1>\n<p>Desarrollamos configuradores de producto y maquinaria para web.Incluimos la realidad aumentada en todos los modelos para una mejor experiencia con el usuario final.<\/p>\n<p>\t\t\t<a href=\"#footer\" role=\"button\"><br \/>\n\t\t\t\t\t\t\u00bfTe ayudamos?<br \/>\n\t\t\t\t\t<\/a><br \/>\n\t\t\t<iframe loading=\"lazy\" title=\"Z40\" src=\"https:\/\/ar.appliworks.es\/ar-118\/0_Configurador\/Configurador.html\" width=\"500\" height=\"650\" > <\/iframe><br \/>\n\t\thttps:\/\/ar.appliworks.es\/wp-content\/uploads\/2022\/04\/VIDEO-PROMOCIONAL-AR-2.mov\t\t<\/p>\n<h1>Dise\u00f1o CAD 3D<\/h1>\n<p>Appliworks Solutions ,un equipo de ingenieros con m\u00e1s de 20 a\u00f1os de experiencia, en el dise\u00f1o industrial y de producto. Realizamos proyectos de Dise\u00f1o 3D y Realidad Aumentada. As\u00ed como de aplicaciones Web y configuradores de Producto.\u00a0<\/p>\n<p>\t\t\t<a href=\"#footer\" role=\"button\"><br \/>\n\t\t\t\t\t\t\u00bfTe ayudamos?<br \/>\n\t\t\t\t\t<\/a><\/p>\n<h1>Renders y Animaciones 3D<\/h1>\n<p>Ofrecemos servicios de renderizado con acabado realista de tus productos o maquinaria. Los complementamos con la realidad aumentada para obtener un acabado de calidad m\u00e1xima.<\/p>\n<p>https:\/\/ar.appliworks.es\/wp-content\/uploads\/2022\/04\/video_motor.mp4\t\t<\/p>\n<h1>Visualiza tus modelos en Realidad aumentada desde el navegador web, sin necesidad de aplicaci\u00f3n  <\/h1>\n<p>\t\t\tCompatible con IOS, ANDROID Y PC<br \/>\n\t\t\t<a href=\"https:\/\/ar.appliworks.es\/userguide\/es\/Diptico_Catalogo_AR.pdf\" target=\"_blank\" rel=\"noopener\">DIPTICO CAT\u00c1LOGOS AR<\/a><br \/>\n\t\t<div style=\"width: 640px;\" class=\"wp-video\"><video class=\"wp-video-shortcode\" id=\"video-8-1\" width=\"640\" height=\"360\" preload=\"metadata\" controls=\"controls\"><source type=\"video\/mp4\" src=\"https:\/\/ar.appliworks.es\/wp-content\/uploads\/2022\/04\/video-realidad-aumentada-mesa.mp4?_=1\" \/><a href=\"https:\/\/ar.appliworks.es\/wp-content\/uploads\/2022\/04\/video-realidad-aumentada-mesa.mp4\">https:\/\/ar.appliworks.es\/wp-content\/uploads\/2022\/04\/video-realidad-aumentada-mesa.mp4<\/a><\/video><\/div>\t\t<\/p>\n<h2>VENTAJAS DE LA REALIDAD AUMENTADA<\/h2>\n<ul>\n<li>Visualiza los productos en dimensi\u00f3n real<\/li>\n<li>El cliente puede ver los productos en su entorno<\/li>\n<li>Supera las limitaciones del cat\u00e1logo f\u00edsico.<\/li>\n<li>Accesible desde cualquier navegador web<\/li>\n<li>Sin necesidad de instalar aplicaci\u00f3n<\/li>\n<\/ul>\n<h1>Por que usar las Realidad Aumentada<\/h1>\n<ul>\n<li style=\"text-align: left;\">Para reducir las dudas surgidas a los clientes en las decisiones de compra.<\/li>\n<li style=\"text-align: left;\">Para identificar errores en el dise\u00f1o de Productos<\/li>\n<li style=\"text-align: left;\">Para dar un soporte t\u00e9cnico al usuario final.<\/li>\n<li style=\"text-align: left;\">Para Aumentar la experiencia del usuario con el producto final.<\/li>\n<li style=\"text-align: left;\">Para generar tr\u00e1fico a la web y darle un valor a\u00f1adido al producto ofrecido.<\/li>\n<li style=\"text-align: left;\">\u00a0M\u00e9todo adicional de marketing para las marcas.<\/li>\n<\/ul>\n<p>\t\t\t\t\t\t\t\t\t\t\t\t\t\t\t<img decoding=\"async\" width=\"200\" height=\"300\" src=\"https:\/\/ar.appliworks.es\/wp-content\/uploads\/2022\/04\/Realidad-aumentada-botella-04-200x300.png\" alt=\"\" loading=\"lazy\" \/><br \/>\n\t\t\t<a href=\"https:\/\/ar.appliworks.es\/ar-118\/1357709397\/ypemshne4asublfuudrenqhh.html\" target=\"_blank\" rel=\"noopener\">ver realidad aumentada<\/a><br \/>\n\t\t\t<a href=\"https:\/\/ar.appliworks.es\/index.php\/realidadaumentada\/\" role=\"button\"><br \/>\n\t\t\t\t\t\tVER M\u00c1S EJEMPLOS AR<br \/>\n\t\t\t\t\t<\/a><br \/>\n\t\t\t\t\t\t\t\t\t\t\t\t\t\t\t<img decoding=\"async\" width=\"200\" height=\"300\" src=\"https:\/\/ar.appliworks.es\/wp-content\/uploads\/2022\/04\/Realidad-aumentada-silla-04-200x300.png\" alt=\"\" loading=\"lazy\" \/><br \/>\n\t\t\t<a href=\"https:\/\/ar.appliworks.es\/ar-118\/1\/e\/38\/1982642785\/38eda8b9b13de9391adfce67a6c1de70.html\" target=\"_blank\" rel=\"noopener\">ver realidad aumentada<\/a>\t\t<\/p>\n<h1>Ejemplos de Realidad Aumentada para web<\/h1>\n<p>Combinando los elementos virtuales en 3D con el mundo real, la experiencia del usuario se multiplica y obtiene una mejor experiencia del producto.<br \/>La realidad aumentada se puede usar para formaci\u00f3n y mejorar el aprendizaje de los operarios<\/p>\n<p>\t\t\t\t\t\t\t\t\t\t\t\t\t\t\t<img decoding=\"async\" width=\"200\" height=\"300\" src=\"https:\/\/ar.appliworks.es\/wp-content\/uploads\/2022\/04\/Realidad-aumentada-maquina-sal-200x300.png\" alt=\"\" loading=\"lazy\" \/><br \/>\n\t\t\t<a href=\"https:\/\/ar.appliworks.es\/ar-118\/1712404176\/ypmjg2ua0h2fy1xgm5jw9qhh.html\" target=\"_blank\" rel=\"noopener\">ver realidad aumentada<\/a><br \/>\n\t\t<svg xmlns=\"http:\/\/www.w3.org\/2000\/svg\" xmlns:xlink=\"http:\/\/www.w3.org\/1999\/xlink\" width=\"1290\" height=\"1290\" data-filename=\"shape-1.svg\">\n<path fill-rule=\"evenodd\" fill=\"rgb(245, 243, 251)\" d=\"M751.271,43.996 L1246.077,539.139 C1304.636,597.738 1304.603,692.712 1246.004,751.271 L750.861,1246.076 C692.262,1304.635 597.287,1304.603 538.729,1246.004 L43.923,750.860 C-14.636,692.262 -14.603,597.287 43.995,538.728 L539.139,43.923 C597.738,-14.635 692.713,-14.603 751.271,43.996 Z\"><\/path>\n<\/svg><br \/>\n\t\t\t\t\t\t\t\t\t\t\t\t\t\t\t<img decoding=\"async\" width=\"200\" height=\"300\" src=\"https:\/\/ar.appliworks.es\/wp-content\/uploads\/2022\/04\/Realidad-aumentada-banera-200x300.png\" alt=\"\" loading=\"lazy\" \/><br \/>\n\t\t\t<a href=\"https:\/\/ar.appliworks.es\/ar-118\/3732978726\/ga89v2353ltmkioxzmxcmahh.html\" target=\"_blank\" rel=\"noopener\">ver realidad aumentada<\/a><br \/>\n\t\t\t\t\t\t\t\t\t\t\t\t\t\t\t<img decoding=\"async\" width=\"200\" height=\"300\" src=\"https:\/\/ar.appliworks.es\/wp-content\/uploads\/2022\/04\/Realidad-aumentada-Robot-200x300.png\" alt=\"\" loading=\"lazy\" \/><br \/>\n\t\t\t<a href=\"https:\/\/ar.appliworks.es\/ar-118\/5\/a\/25\/429010310\/25623797a34759fd650110c1c3c9f054.html\" target=\"_blank\" rel=\"noopener\">ver realidad aumentada<\/a><br \/>\n\t\t\t\t\t\t\t\t\t\t\t\t\t\t\t<img decoding=\"async\" width=\"200\" height=\"300\" src=\"https:\/\/ar.appliworks.es\/wp-content\/uploads\/2022\/04\/Realidad-aumentada-mesa-terraza-200x300.png\" alt=\"\" loading=\"lazy\" \/><br \/>\n\t\t\t<a href=\"https:\/\/ar.appliworks.es\/ar-118\/2178836923\/d8dwkrqrix2t16rqkfefrqhh.html\" target=\"_blank\" rel=\"noopener\">ver realidad aumentada<\/a><br \/>\n\t\t\t\t\t\t\t\t\t\t\t\t\t\t\t<img decoding=\"async\" width=\"200\" height=\"300\" src=\"https:\/\/ar.appliworks.es\/wp-content\/uploads\/2022\/04\/Realidad-aumentada-escena-bano-200x300.png\" alt=\"\" loading=\"lazy\" \/><br \/>\n\t\t\t<a href=\"https:\/\/ar.appliworks.es\/ar-118\/2954635607\/cobviqjkytvthrgkvubvhghh.html\" target=\"_blank\" rel=\"noopener\">ver realidad aumentada<\/a><br \/>\n\t\t\t<a href=\"https:\/\/ar.appliworks.es\/index.php\/realidadaumentada\/\" role=\"button\"><br \/>\n\t\t\t\t\t\tVER M\u00c1S EJEMPLOS AR<br \/>\n\t\t\t\t\t<\/a><\/p>\n<h1>Plugin de Realidad aumentada para SolidWorks<\/h1>\n<p>\t\t\t<a href=\"https:\/\/ar.appliworks.es\/userguide\/es\/Diptico_Plugin_AR.pdf\" target=\"_blank\" rel=\"noopener\">DIPTICO PLUGIN AR<\/a><br \/>\n\t\t<svg xmlns=\"http:\/\/www.w3.org\/2000\/svg\" xmlns:xlink=\"http:\/\/www.w3.org\/1999\/xlink\" width=\"1290\" height=\"1290\" id=\"icon_141638511382419\" data-filename=\"shape-1.svg\" data-settings=\"{'animation: 'fadeInLeft', 'duration': '1600', 'delay': '.4s'}\">\n<path fill-rule=\"evenodd\" fill=\"rgb(245, 243, 251)\" d=\"M751.271,43.996 L1246.077,539.139 C1304.636,597.738 1304.603,692.712 1246.004,751.271 L750.861,1246.076 C692.262,1304.635 597.287,1304.603 538.729,1246.004 L43.923,750.860 C-14.636,692.262 -14.603,597.287 43.995,538.728 L539.139,43.923 C597.738,-14.635 692.713,-14.603 751.271,43.996 Z\"><\/path>\n<\/svg>\t\t<\/p>\n<h2>FAQ&#8217;s<\/h2>\n<section>\n\t\t<label>1 &#8211; \u00bfQu\u00e9 es la Realidad Aumentada?<\/label><\/p>\n<h3 style=\"display: none;\">1 &#8211; \u00bfQu\u00e9 es la Realidad Aumentada?<\/h3>\n<p><a href=\"https:\/\/ar.appliworks.es\/index.php\/author\/appliworks\/\" title=\"Entradas de admin\" rel=\"author\">admin<\/a>2022-04-24T08:52:50+00:00<\/p>\n<p>La\u00a0<strong>realidad aumentada<\/strong>\u00a0(RA) es una tecnolog\u00eda que permite que el usuario visualice parte del mundo real a trav\u00e9s de un dispositivo m\u00f3vil, con informaci\u00f3n virtual gr\u00e1fica en 3D, superponiendo ambos entornos en uno s\u00f3lo. Se a\u00f1ade informaci\u00f3n virtual a la informaci\u00f3n f\u00edsica ya existente, con lo que una parte virtual aparece en la realidad. De esta manera se combina la realidad con los elementos virtuales.<\/p>\n<\/section>\n<section>\n\t\t<label>2 &#8211; \u00bfC\u00f3mo se puede usar la Realidad Aumentada?<\/label><\/p>\n<h3 style=\"display: none;\">2 &#8211; \u00bfC\u00f3mo se puede usar la Realidad Aumentada?<\/h3>\n<p><a href=\"https:\/\/ar.appliworks.es\/index.php\/author\/appliworks\/\" title=\"Entradas de admin\" rel=\"author\">admin<\/a>2022-04-24T08:52:46+00:00<\/p>\n<p>Se utilizan c\u00f3digos QR que, al ser enfocados con la tablet o  tel\u00e9fono m\u00f3vil, redirigen hacia el modelo virtual , de esta forma se superpone la parte virtual del modelo con la realidad.<\/p>\n<\/section>\n<section>\n\t\t<label>3 -\u00bfCu\u00e1les son las diferencias entre la Realidad Aumentada y la Realidad Virtual?<\/label><\/p>\n<h3 style=\"display: none;\">3 -\u00bfCu\u00e1les son las diferencias entre la Realidad Aumentada y la Realidad Virtual?<\/h3>\n<p><a href=\"https:\/\/ar.appliworks.es\/index.php\/author\/appliworks\/\" title=\"Entradas de admin\" rel=\"author\">admin<\/a>2022-04-24T08:52:41+00:00<\/p>\n<p>La Realidad Aumentada muestra componentes virtuales superpuestos en el entorno real mientras que La Realidad Virtual permite sumergir al usuario por completo en un espacio artificial para interactuar con \u00e9l y obtener una experiencia inmersiva total.<\/p>\n<\/section>\n<section>\n\t\t<label>4 &#8211; \u00bfQu\u00e9 ventajas ofrece la Realidad Aumentada en las empresas ?<\/label><\/p>\n<h3 style=\"display: none;\">4 &#8211; \u00bfQu\u00e9 ventajas ofrece la Realidad Aumentada en las empresas ?<\/h3>\n<p><a href=\"https:\/\/ar.appliworks.es\/index.php\/author\/appliworks\/\" title=\"Entradas de admin\" rel=\"author\">admin<\/a>2022-04-24T08:52:35+00:00<\/p>\n<ul>\n<li>Reduce las dudas surgidas a los clientes en las decisiones de compra.<\/li>\n<li>Permite ver el modelo final en el entorno real antes de su fabricaci\u00f3n.<\/li>\n<li>La realidad aumentada ofrece una mejor experiencia de usuario.<\/li>\n<li>La realidad aumentada se puede usar como una herramienta de marketing digital, para conseguir mayores ventas de productos.<\/li>\n<\/ul>\n<\/p>\n<\/section>\n<section>\n\t\t<label>5 &#8211; Aplicaciones de la Realidad Aumentada<\/label><\/p>\n<h3 style=\"display: none;\">5 &#8211; Aplicaciones de la Realidad Aumentada<\/h3>\n<p><a href=\"https:\/\/ar.appliworks.es\/index.php\/author\/appliworks\/\" title=\"Entradas de admin\" rel=\"author\">admin<\/a>2022-04-24T08:52:30+00:00<\/p>\n<ul>\n<li><strong>Dise\u00f1o:<\/strong> tanto en ingenier\u00eda, dise\u00f1o de interiores o arquitectura, la Realidad Aumentada ayuda a los t\u00e9cnicos y profesionales a visualizar sus productos finales y proyectos durante la fase de Dise\u00f1o.<\/li>\n<li><strong>Educaci\u00f3n y formaci\u00f3n:<\/strong> La Realidad Aumentada ayuda en la formaci\u00f3n de los usuarios<strong>, <\/strong>aumentando la eficiencia y ahorrando costes.<\/li>\n<li><strong>Marketing Digital: <\/strong> La realidad aumentada aumenta las ventas de productos y ofrece una mejor experiencia de usuario con el producto final.<\/li>\n<\/ul>\n<\/section>\n<h1>Exporta desde SolidWorks a Realidad aumentada.<br \/>F\u00e1cil, r\u00e1pido.<\/h1>\n<p>\t\t\t\t\t\t\t\t\t\t\t\t\t\t\t<img decoding=\"async\" width=\"500\" height=\"159\" src=\"https:\/\/ar.appliworks.es\/wp-content\/uploads\/2022\/04\/slider_home_logo_01.png\" alt=\"\" loading=\"lazy\" srcset=\"https:\/\/ar.appliworks.es\/wp-content\/uploads\/2022\/04\/slider_home_logo_01.png 500w, https:\/\/ar.appliworks.es\/wp-content\/uploads\/2022\/04\/slider_home_logo_01-400x127.png 400w\" sizes=\"auto, (max-width: 500px) 100vw, 500px\" \/>\t\t\t\t\t\t\t\t\t\t\t\t\t\t\t<\/p>\n<h4>Alguno de nuestros clientes<\/h4>\n<link rel=\"stylesheet\" href=\"https:\/\/ar.appliworks.es\/wp-content\/plugins\/elementor-pro\/assets\/css\/widget-carousel.min.css\">\n","protected":false},"excerpt":{"rendered":"<p>Realidad Aumentada para tu negocio La Realidad Aumentada combina los elementos virtuales en 3D con el mundo real, la experiencia del usuario se multiplica y obtiene una mejor experiencia del producto. La realidad aumentada se puede usar para formaci\u00f3n y mejorar el aprendizaje de los operarios. Asociamos los planos de fabricaci\u00f3n al modelo 3D en [&hellip;]<\/p>\n","protected":false},"author":1,"featured_media":0,"parent":0,"menu_order":0,"comment_status":"closed","ping_status":"closed","template":"","meta":{"_joinchat":[],"footnotes":""},"class_list":["post-8","page","type-page","status-publish","hentry"],"jetpack_sharing_enabled":true,"_links":{"self":[{"href":"https:\/\/ar.appliworks.es\/index.php\/wp-json\/wp\/v2\/pages\/8","targetHints":{"allow":["GET"]}}],"collection":[{"href":"https:\/\/ar.appliworks.es\/index.php\/wp-json\/wp\/v2\/pages"}],"about":[{"href":"https:\/\/ar.appliworks.es\/index.php\/wp-json\/wp\/v2\/types\/page"}],"author":[{"embeddable":true,"href":"https:\/\/ar.appliworks.es\/index.php\/wp-json\/wp\/v2\/users\/1"}],"replies":[{"embeddable":true,"href":"https:\/\/ar.appliworks.es\/index.php\/wp-json\/wp\/v2\/comments?post=8"}],"version-history":[{"count":450,"href":"https:\/\/ar.appliworks.es\/index.php\/wp-json\/wp\/v2\/pages\/8\/revisions"}],"predecessor-version":[{"id":4309,"href":"https:\/\/ar.appliworks.es\/index.php\/wp-json\/wp\/v2\/pages\/8\/revisions\/4309"}],"wp:attachment":[{"href":"https:\/\/ar.appliworks.es\/index.php\/wp-json\/wp\/v2\/media?parent=8"}],"curies":[{"name":"wp","href":"https:\/\/api.w.org\/{rel}","templated":true}]}}